{"id":381,"date":"2025-08-02T06:29:05","date_gmt":"2025-08-02T06:29:05","guid":{"rendered":"https:\/\/mytradingtoolkit.com\/?page_id=381"},"modified":"2025-08-12T15:00:46","modified_gmt":"2025-08-12T15:00:46","slug":"noticias-forex","status":"publish","type":"page","link":"https:\/\/mytradingtoolkit.com\/?page_id=381&lang=es","title":{"rendered":"Noticias Econ\u00f3micas"},"content":{"rendered":"\n<div id=\"forex-news-feed\">\n  <h2>\u00daltimas noticias econ\u00f3micas<\/h2>\n  <ul id=\"news-list\"><\/ul>\n<\/div>\n\n<script>\n(async function(){\n  const CORS_PROXY = 'https:\/\/api.allorigins.win\/raw?url=';\n\n  \/\/ Surse RSS \u00een spaniol\u0103 (\u00eencearc\u0103 pe r\u00e2nd p\u00e2n\u0103 g\u0103se\u0219te una func\u021bional\u0103)\n  const FEEDS = [\n    'https:\/\/www.fxstreet.es\/rss\/news',                 \/\/ FXStreet (ES) - Forex (spaniol\u0103)\n    'https:\/\/ep00.epimg.net\/rss\/economia\/portada.xml', \/\/ EL PA\u00cdS - Econom\u00eda\n    'https:\/\/www.eleconomista.es\/rss\/rss-economia.php',\/\/ elEconomista - Econom\u00eda\n    'https:\/\/es.investing.com\/rss\/news_14.rss'         \/\/ Investing.com (ES) - Noticias econ\u00f3micas\n  ];\n\n  const list = document.getElementById('news-list');\n\n  function parseItems(xml){\n    const items = Array.from(xml.querySelectorAll('item, entry'));\n    return items.map(it => {\n      const title = it.querySelector('title')?.textContent?.trim();\n      const link  = it.querySelector('link')?.getAttribute?.('href') || it.querySelector('link')?.textContent?.trim();\n      const date  = it.querySelector('pubDate')?.textContent\n                 || it.querySelector('updated')?.textContent\n                 || it.querySelector('dc\\\\:date')?.textContent;\n      return { title, link, date };\n    }).filter(x => x.title && x.link);\n  }\n\n  async function loadFirstWorkingFeed(){\n    for (const url of FEEDS){\n      try{\n        const resp = await fetch(CORS_PROXY + encodeURIComponent(url));\n        const text = await resp.text();\n        const xml  = new DOMParser().parseFromString(text, 'application\/xml');\n        if (xml.querySelector('parsererror')) continue;\n        const items = parseItems(xml);\n        if (items.length) return { items, url };\n      }catch(e){ \/* \u00eencearc\u0103 urm\u0103torul *\/ }\n    }\n    throw new Error('No se pudo cargar ning\u00fan feed.');\n  }\n\n  try{\n    const { items, url } = await loadFirstWorkingFeed();\n    items.slice(0,5).forEach(it => {\n      const d = it.date ? new Date(it.date) : null;\n      const when = d && !isNaN(d) ? d.toLocaleString('es-ES', { dateStyle:'medium', timeStyle:'short' }) : '';\n      const li = document.createElement('li');\n      li.innerHTML = `<a href=\"${it.link}\" target=\"_blank\" rel=\"noopener\">${it.title}<\/a>${when ? `<br><small>${when}<\/small>`:''}`;\n      list.appendChild(li);\n    });\n\n    \/\/ (op\u021bional) afi\u0219eaz\u0103 sursa\n    const src = document.createElement('small');\n    src.style.display = 'block';\n    src.style.marginTop = '6px';\n    src.style.color = '#6b7280';\n    src.textContent = 'Fuente: ' + (new URL(url)).hostname;\n    document.getElementById('forex-news-feed').appendChild(src);\n  }catch(e){\n    console.error('Error loading feed', e);\n    list.innerHTML = '<li>No se pudieron cargar las noticias.<\/li>';\n  }\n})();\n<\/script>\n","protected":false},"excerpt":{"rendered":"<p>\u00daltimas noticias econ\u00f3micas<\/p>\n","protected":false},"author":1,"featured_media":0,"parent":0,"menu_order":0,"comment_status":"closed","ping_status":"closed","template":"","meta":{"_kad_post_transparent":"","_kad_post_title":"","_kad_post_layout":"","_kad_post_sidebar_id":"","_kad_post_content_style":"","_kad_post_vertical_padding":"","_kad_post_feature":"","_kad_post_feature_position":"","_kad_post_header":false,"_kad_post_footer":false,"footnotes":""},"class_list":["post-381","page","type-page","status-publish","hentry"],"yoast_head":"<!-- This site is optimized with the Yoast SEO plugin v25.6 - https:\/\/yoast.com\/wordpress\/plugins\/seo\/ -->\n<title>Noticias Econ\u00f3micas - MyTradingToolkit.com<\/title>\n<meta name=\"robots\" content=\"index, follow, max-snippet:-1, max-image-preview:large, max-video-preview:-1\" \/>\n<link rel=\"canonical\" href=\"https:\/\/mytradingtoolkit.com\/?page_id=381&lang=es\" \/>\n<meta property=\"og:locale\" content=\"en_US\" \/>\n<meta property=\"og:type\" content=\"article\" \/>\n<meta property=\"og:title\" content=\"Noticias Econ\u00f3micas - MyTradingToolkit.com\" \/>\n<meta property=\"og:description\" content=\"\u00daltimas noticias econ\u00f3micas\" \/>\n<meta property=\"og:url\" content=\"https:\/\/mytradingtoolkit.com\/?page_id=381&amp;lang=es\" \/>\n<meta property=\"og:site_name\" content=\"MyTradingToolkit.com\" \/>\n<meta property=\"article:modified_time\" content=\"2025-08-12T15:00:46+00:00\" \/>\n<meta name=\"twitter:card\" content=\"summary_large_image\" \/>\n<meta name=\"twitter:label1\" content=\"Est. reading time\" \/>\n\t<meta name=\"twitter:data1\" content=\"1 minute\" \/>\n<script type=\"application\/ld+json\" class=\"yoast-schema-graph\">{\"@context\":\"https:\/\/schema.org\",\"@graph\":[{\"@type\":\"WebPage\",\"@id\":\"https:\/\/mytradingtoolkit.com\/?page_id=381&lang=es\",\"url\":\"https:\/\/mytradingtoolkit.com\/?page_id=381&lang=es\",\"name\":\"Noticias Econ\u00f3micas - MyTradingToolkit.com\",\"isPartOf\":{\"@id\":\"https:\/\/mytradingtoolkit.com\/#website\"},\"datePublished\":\"2025-08-02T06:29:05+00:00\",\"dateModified\":\"2025-08-12T15:00:46+00:00\",\"breadcrumb\":{\"@id\":\"https:\/\/mytradingtoolkit.com\/?page_id=381&lang=es#breadcrumb\"},\"inLanguage\":\"en-US\",\"potentialAction\":[{\"@type\":\"ReadAction\",\"target\":[\"https:\/\/mytradingtoolkit.com\/?page_id=381&lang=es\"]}]},{\"@type\":\"BreadcrumbList\",\"@id\":\"https:\/\/mytradingtoolkit.com\/?page_id=381&lang=es#breadcrumb\",\"itemListElement\":[{\"@type\":\"ListItem\",\"position\":1,\"name\":\"Home\",\"item\":\"https:\/\/mytradingtoolkit.com\/\"},{\"@type\":\"ListItem\",\"position\":2,\"name\":\"Noticias Econ\u00f3micas\"}]},{\"@type\":\"WebSite\",\"@id\":\"https:\/\/mytradingtoolkit.com\/#website\",\"url\":\"https:\/\/mytradingtoolkit.com\/\",\"name\":\"MyTradingToolkit.com\",\"description\":\"\",\"publisher\":{\"@id\":\"https:\/\/mytradingtoolkit.com\/#organization\"},\"potentialAction\":[{\"@type\":\"SearchAction\",\"target\":{\"@type\":\"EntryPoint\",\"urlTemplate\":\"https:\/\/mytradingtoolkit.com\/?s={search_term_string}\"},\"query-input\":{\"@type\":\"PropertyValueSpecification\",\"valueRequired\":true,\"valueName\":\"search_term_string\"}}],\"inLanguage\":\"en-US\"},{\"@type\":\"Organization\",\"@id\":\"https:\/\/mytradingtoolkit.com\/#organization\",\"name\":\"MyTradingToolkit.com\",\"url\":\"https:\/\/mytradingtoolkit.com\/\",\"logo\":{\"@type\":\"ImageObject\",\"inLanguage\":\"en-US\",\"@id\":\"https:\/\/mytradingtoolkit.com\/#\/schema\/logo\/image\/\",\"url\":\"https:\/\/mytradingtoolkit.com\/wp-content\/uploads\/2025\/07\/cropped-Logo-1.png\",\"contentUrl\":\"https:\/\/mytradingtoolkit.com\/wp-content\/uploads\/2025\/07\/cropped-Logo-1.png\",\"width\":1024,\"height\":408,\"caption\":\"MyTradingToolkit.com\"},\"image\":{\"@id\":\"https:\/\/mytradingtoolkit.com\/#\/schema\/logo\/image\/\"}}]}<\/script>\n<!-- \/ Yoast SEO plugin. -->","yoast_head_json":{"title":"Noticias Econ\u00f3micas - MyTradingToolkit.com","robots":{"index":"index","follow":"follow","max-snippet":"max-snippet:-1","max-image-preview":"max-image-preview:large","max-video-preview":"max-video-preview:-1"},"canonical":"https:\/\/mytradingtoolkit.com\/?page_id=381&lang=es","og_locale":"en_US","og_type":"article","og_title":"Noticias Econ\u00f3micas - MyTradingToolkit.com","og_description":"\u00daltimas noticias econ\u00f3micas","og_url":"https:\/\/mytradingtoolkit.com\/?page_id=381&lang=es","og_site_name":"MyTradingToolkit.com","article_modified_time":"2025-08-12T15:00:46+00:00","twitter_card":"summary_large_image","twitter_misc":{"Est. reading time":"1 minute"},"schema":{"@context":"https:\/\/schema.org","@graph":[{"@type":"WebPage","@id":"https:\/\/mytradingtoolkit.com\/?page_id=381&lang=es","url":"https:\/\/mytradingtoolkit.com\/?page_id=381&lang=es","name":"Noticias Econ\u00f3micas - MyTradingToolkit.com","isPartOf":{"@id":"https:\/\/mytradingtoolkit.com\/#website"},"datePublished":"2025-08-02T06:29:05+00:00","dateModified":"2025-08-12T15:00:46+00:00","breadcrumb":{"@id":"https:\/\/mytradingtoolkit.com\/?page_id=381&lang=es#breadcrumb"},"inLanguage":"en-US","potentialAction":[{"@type":"ReadAction","target":["https:\/\/mytradingtoolkit.com\/?page_id=381&lang=es"]}]},{"@type":"BreadcrumbList","@id":"https:\/\/mytradingtoolkit.com\/?page_id=381&lang=es#breadcrumb","itemListElement":[{"@type":"ListItem","position":1,"name":"Home","item":"https:\/\/mytradingtoolkit.com\/"},{"@type":"ListItem","position":2,"name":"Noticias Econ\u00f3micas"}]},{"@type":"WebSite","@id":"https:\/\/mytradingtoolkit.com\/#website","url":"https:\/\/mytradingtoolkit.com\/","name":"MyTradingToolkit.com","description":"","publisher":{"@id":"https:\/\/mytradingtoolkit.com\/#organization"},"potentialAction":[{"@type":"SearchAction","target":{"@type":"EntryPoint","urlTemplate":"https:\/\/mytradingtoolkit.com\/?s={search_term_string}"},"query-input":{"@type":"PropertyValueSpecification","valueRequired":true,"valueName":"search_term_string"}}],"inLanguage":"en-US"},{"@type":"Organization","@id":"https:\/\/mytradingtoolkit.com\/#organization","name":"MyTradingToolkit.com","url":"https:\/\/mytradingtoolkit.com\/","logo":{"@type":"ImageObject","inLanguage":"en-US","@id":"https:\/\/mytradingtoolkit.com\/#\/schema\/logo\/image\/","url":"https:\/\/mytradingtoolkit.com\/wp-content\/uploads\/2025\/07\/cropped-Logo-1.png","contentUrl":"https:\/\/mytradingtoolkit.com\/wp-content\/uploads\/2025\/07\/cropped-Logo-1.png","width":1024,"height":408,"caption":"MyTradingToolkit.com"},"image":{"@id":"https:\/\/mytradingtoolkit.com\/#\/schema\/logo\/image\/"}}]}},"_links":{"self":[{"href":"https:\/\/mytradingtoolkit.com\/index.php?rest_route=\/wp\/v2\/pages\/381","targetHints":{"allow":["GET"]}}],"collection":[{"href":"https:\/\/mytradingtoolkit.com\/index.php?rest_route=\/wp\/v2\/pages"}],"about":[{"href":"https:\/\/mytradingtoolkit.com\/index.php?rest_route=\/wp\/v2\/types\/page"}],"author":[{"embeddable":true,"href":"https:\/\/mytradingtoolkit.com\/index.php?rest_route=\/wp\/v2\/users\/1"}],"replies":[{"embeddable":true,"href":"https:\/\/mytradingtoolkit.com\/index.php?rest_route=%2Fwp%2Fv2%2Fcomments&post=381"}],"version-history":[{"count":4,"href":"https:\/\/mytradingtoolkit.com\/index.php?rest_route=\/wp\/v2\/pages\/381\/revisions"}],"predecessor-version":[{"id":684,"href":"https:\/\/mytradingtoolkit.com\/index.php?rest_route=\/wp\/v2\/pages\/381\/revisions\/684"}],"wp:attachment":[{"href":"https:\/\/mytradingtoolkit.com\/index.php?rest_route=%2Fwp%2Fv2%2Fmedia&parent=381"}],"curies":[{"name":"wp","href":"https:\/\/api.w.org\/{rel}","templated":true}]}}