{"id":597,"date":"2025-08-10T17:11:32","date_gmt":"2025-08-10T17:11:32","guid":{"rendered":"https:\/\/mytradingtoolkit.com\/?page_id=597"},"modified":"2025-08-10T21:40:23","modified_gmt":"2025-08-10T21:40:23","slug":"blog-de-trading","status":"publish","type":"page","link":"https:\/\/mytradingtoolkit.com\/?page_id=597&lang=es","title":{"rendered":"Blog de Trading"},"content":{"rendered":"\n<div class=\"wp-block-query is-layout-flow wp-block-query-is-layout-flow\"><ul class=\"columns-3 wp-block-post-template is-layout-grid wp-container-core-post-template-is-layout-2fc57c17 wp-block-post-template-is-layout-grid\"><li class=\"wp-block-post post-593 post type-post status-publish format-standard hentry category-colombia\">\n\n<div class=\"wp-block-group\" style=\"padding-top:30px;padding-right:30px;padding-bottom:30px;padding-left:30px\"><div class=\"wp-block-group__inner-container is-layout-flow wp-block-group-is-layout-flow\"><h2 class=\"wp-block-post-title\"><a href=\"https:\/\/mytradingtoolkit.com\/?p=593&#038;lang=es\" target=\"_self\" >Apalancamiento y Gesti\u00f3n del Riesgo en Forex y CFD<\/a><\/h2>\n\n<div class=\"wp-block-post-excerpt\"><p class=\"wp-block-post-excerpt__excerpt\">Educaci\u00f3n \u00b7 Gesti\u00f3n del Riesgo Apalancamiento y Gesti\u00f3n del Riesgo: Gu\u00eda con C\u00e1lculos y Ejemplos El apalancamiento multiplica tanto tus ganancias como tus p\u00e9rdidas. Una buena gesti\u00f3n del riesgo es lo que determina si sobrevives a largo plazo. Aqu\u00ed aprender\u00e1s a calcular el tama\u00f1o de tus posiciones, estimar el margen requerido y aplicar reglas claras&#8230; <\/p><\/div>\n\n<div class=\"wp-block-post-date\"><time datetime=\"2025-08-10T16:32:26+00:00\">August 10, 2025<\/time><\/div><\/div><\/div>\n\n<\/li><\/ul><\/div>\n","protected":false},"excerpt":{"rendered":"","protected":false},"author":1,"featured_media":0,"parent":0,"menu_order":0,"comment_status":"closed","ping_status":"closed","template":"","meta":{"_kad_post_transparent":"","_kad_post_title":"","_kad_post_layout":"","_kad_post_sidebar_id":"","_kad_post_content_style":"","_kad_post_vertical_padding":"","_kad_post_feature":"","_kad_post_feature_position":"","_kad_post_header":false,"_kad_post_footer":false,"footnotes":""},"class_list":["post-597","page","type-page","status-publish","hentry"],"yoast_head":"<!-- This site is optimized with the Yoast SEO plugin v25.6 - https:\/\/yoast.com\/wordpress\/plugins\/seo\/ -->\n<title>Blog de Trading - MyTradingToolkit.com<\/title>\n<meta name=\"robots\" content=\"index, follow, max-snippet:-1, max-image-preview:large, max-video-preview:-1\" \/>\n<link rel=\"canonical\" href=\"https:\/\/mytradingtoolkit.com\/?page_id=597&lang=es\" \/>\n<meta property=\"og:locale\" content=\"en_US\" \/>\n<meta property=\"og:type\" content=\"article\" \/>\n<meta property=\"og:title\" content=\"Blog de Trading - MyTradingToolkit.com\" \/>\n<meta property=\"og:url\" content=\"https:\/\/mytradingtoolkit.com\/?page_id=597&amp;lang=es\" \/>\n<meta property=\"og:site_name\" content=\"MyTradingToolkit.com\" \/>\n<meta property=\"article:modified_time\" content=\"2025-08-10T21:40:23+00:00\" \/>\n<meta name=\"twitter:card\" content=\"summary_large_image\" \/>\n<script type=\"application\/ld+json\" class=\"yoast-schema-graph\">{\"@context\":\"https:\/\/schema.org\",\"@graph\":[{\"@type\":\"WebPage\",\"@id\":\"https:\/\/mytradingtoolkit.com\/?page_id=597&lang=es\",\"url\":\"https:\/\/mytradingtoolkit.com\/?page_id=597&lang=es\",\"name\":\"Blog de Trading - MyTradingToolkit.com\",\"isPartOf\":{\"@id\":\"https:\/\/mytradingtoolkit.com\/#website\"},\"datePublished\":\"2025-08-10T17:11:32+00:00\",\"dateModified\":\"2025-08-10T21:40:23+00:00\",\"breadcrumb\":{\"@id\":\"https:\/\/mytradingtoolkit.com\/?page_id=597&lang=es#breadcrumb\"},\"inLanguage\":\"en-US\",\"potentialAction\":[{\"@type\":\"ReadAction\",\"target\":[\"https:\/\/mytradingtoolkit.com\/?page_id=597&lang=es\"]}]},{\"@type\":\"BreadcrumbList\",\"@id\":\"https:\/\/mytradingtoolkit.com\/?page_id=597&lang=es#breadcrumb\",\"itemListElement\":[{\"@type\":\"ListItem\",\"position\":1,\"name\":\"Home\",\"item\":\"https:\/\/mytradingtoolkit.com\/\"},{\"@type\":\"ListItem\",\"position\":2,\"name\":\"Blog de Trading\"}]},{\"@type\":\"WebSite\",\"@id\":\"https:\/\/mytradingtoolkit.com\/#website\",\"url\":\"https:\/\/mytradingtoolkit.com\/\",\"name\":\"MyTradingToolkit.com\",\"description\":\"\",\"publisher\":{\"@id\":\"https:\/\/mytradingtoolkit.com\/#organization\"},\"potentialAction\":[{\"@type\":\"SearchAction\",\"target\":{\"@type\":\"EntryPoint\",\"urlTemplate\":\"https:\/\/mytradingtoolkit.com\/?s={search_term_string}\"},\"query-input\":{\"@type\":\"PropertyValueSpecification\",\"valueRequired\":true,\"valueName\":\"search_term_string\"}}],\"inLanguage\":\"en-US\"},{\"@type\":\"Organization\",\"@id\":\"https:\/\/mytradingtoolkit.com\/#organization\",\"name\":\"MyTradingToolkit.com\",\"url\":\"https:\/\/mytradingtoolkit.com\/\",\"logo\":{\"@type\":\"ImageObject\",\"inLanguage\":\"en-US\",\"@id\":\"https:\/\/mytradingtoolkit.com\/#\/schema\/logo\/image\/\",\"url\":\"https:\/\/mytradingtoolkit.com\/wp-content\/uploads\/2025\/07\/cropped-Logo-1.png\",\"contentUrl\":\"https:\/\/mytradingtoolkit.com\/wp-content\/uploads\/2025\/07\/cropped-Logo-1.png\",\"width\":1024,\"height\":408,\"caption\":\"MyTradingToolkit.com\"},\"image\":{\"@id\":\"https:\/\/mytradingtoolkit.com\/#\/schema\/logo\/image\/\"}}]}<\/script>\n<!-- \/ Yoast SEO plugin. -->","yoast_head_json":{"title":"Blog de Trading - MyTradingToolkit.com","robots":{"index":"index","follow":"follow","max-snippet":"max-snippet:-1","max-image-preview":"max-image-preview:large","max-video-preview":"max-video-preview:-1"},"canonical":"https:\/\/mytradingtoolkit.com\/?page_id=597&lang=es","og_locale":"en_US","og_type":"article","og_title":"Blog de Trading - MyTradingToolkit.com","og_url":"https:\/\/mytradingtoolkit.com\/?page_id=597&lang=es","og_site_name":"MyTradingToolkit.com","article_modified_time":"2025-08-10T21:40:23+00:00","twitter_card":"summary_large_image","schema":{"@context":"https:\/\/schema.org","@graph":[{"@type":"WebPage","@id":"https:\/\/mytradingtoolkit.com\/?page_id=597&lang=es","url":"https:\/\/mytradingtoolkit.com\/?page_id=597&lang=es","name":"Blog de Trading - MyTradingToolkit.com","isPartOf":{"@id":"https:\/\/mytradingtoolkit.com\/#website"},"datePublished":"2025-08-10T17:11:32+00:00","dateModified":"2025-08-10T21:40:23+00:00","breadcrumb":{"@id":"https:\/\/mytradingtoolkit.com\/?page_id=597&lang=es#breadcrumb"},"inLanguage":"en-US","potentialAction":[{"@type":"ReadAction","target":["https:\/\/mytradingtoolkit.com\/?page_id=597&lang=es"]}]},{"@type":"BreadcrumbList","@id":"https:\/\/mytradingtoolkit.com\/?page_id=597&lang=es#breadcrumb","itemListElement":[{"@type":"ListItem","position":1,"name":"Home","item":"https:\/\/mytradingtoolkit.com\/"},{"@type":"ListItem","position":2,"name":"Blog de Trading"}]},{"@type":"WebSite","@id":"https:\/\/mytradingtoolkit.com\/#website","url":"https:\/\/mytradingtoolkit.com\/","name":"MyTradingToolkit.com","description":"","publisher":{"@id":"https:\/\/mytradingtoolkit.com\/#organization"},"potentialAction":[{"@type":"SearchAction","target":{"@type":"EntryPoint","urlTemplate":"https:\/\/mytradingtoolkit.com\/?s={search_term_string}"},"query-input":{"@type":"PropertyValueSpecification","valueRequired":true,"valueName":"search_term_string"}}],"inLanguage":"en-US"},{"@type":"Organization","@id":"https:\/\/mytradingtoolkit.com\/#organization","name":"MyTradingToolkit.com","url":"https:\/\/mytradingtoolkit.com\/","logo":{"@type":"ImageObject","inLanguage":"en-US","@id":"https:\/\/mytradingtoolkit.com\/#\/schema\/logo\/image\/","url":"https:\/\/mytradingtoolkit.com\/wp-content\/uploads\/2025\/07\/cropped-Logo-1.png","contentUrl":"https:\/\/mytradingtoolkit.com\/wp-content\/uploads\/2025\/07\/cropped-Logo-1.png","width":1024,"height":408,"caption":"MyTradingToolkit.com"},"image":{"@id":"https:\/\/mytradingtoolkit.com\/#\/schema\/logo\/image\/"}}]}},"_links":{"self":[{"href":"https:\/\/mytradingtoolkit.com\/index.php?rest_route=\/wp\/v2\/pages\/597","targetHints":{"allow":["GET"]}}],"collection":[{"href":"https:\/\/mytradingtoolkit.com\/index.php?rest_route=\/wp\/v2\/pages"}],"about":[{"href":"https:\/\/mytradingtoolkit.com\/index.php?rest_route=\/wp\/v2\/types\/page"}],"author":[{"embeddable":true,"href":"https:\/\/mytradingtoolkit.com\/index.php?rest_route=\/wp\/v2\/users\/1"}],"replies":[{"embeddable":true,"href":"https:\/\/mytradingtoolkit.com\/index.php?rest_route=%2Fwp%2Fv2%2Fcomments&post=597"}],"version-history":[{"count":4,"href":"https:\/\/mytradingtoolkit.com\/index.php?rest_route=\/wp\/v2\/pages\/597\/revisions"}],"predecessor-version":[{"id":609,"href":"https:\/\/mytradingtoolkit.com\/index.php?rest_route=\/wp\/v2\/pages\/597\/revisions\/609"}],"wp:attachment":[{"href":"https:\/\/mytradingtoolkit.com\/index.php?rest_route=%2Fwp%2Fv2%2Fmedia&parent=597"}],"curies":[{"name":"wp","href":"https:\/\/api.w.org\/{rel}","templated":true}]}}